{"id":4289,"date":"2026-02-03T15:59:21","date_gmt":"2026-02-03T12:59:21","guid":{"rendered":"https:\/\/ham-tool.com\/?post_type=product&#038;p=4289"},"modified":"2026-04-17T21:10:30","modified_gmt":"2026-04-17T18:10:30","slug":"2-jaw-bearing-puller-multiple-sizes","status":"publish","type":"product","link":"https:\/\/ham-tool.com\/en\/shop\/workshop-supplies\/mechanical-workshop\/2-jaw-bearing-puller-multiple-sizes\/","title":{"rendered":"2-Jaw Bearing Puller \u2013 Multiple Sizes"},"content":{"rendered":"<p data-start=\"780\" data-end=\"992\">2-jaw bearing puller designed for safe and efficient removal of bearings, gears, and pulleys.<br data-start=\"873\" data-end=\"876\" \/>Made of heavy-duty metal for industrial use and available in <strong data-start=\"937\" data-end=\"962\">three different sizes<\/strong> to suit various applications.<\/p>\n<h3 data-start=\"994\" data-end=\"1017\">\ud83d\udccf Available Sizes:<\/h3>\n<ul data-start=\"1018\" data-end=\"1073\">\n<li data-start=\"1018\" data-end=\"1036\">\n<p data-start=\"1020\" data-end=\"1036\"><strong data-start=\"1020\" data-end=\"1034\">38 \u00d7 65 mm<\/strong><\/p>\n<\/li>\n<li data-start=\"1037\" data-end=\"1055\">\n<p data-start=\"1039\" data-end=\"1055\"><strong data-start=\"1039\" data-end=\"1053\">40 \u00d7 80 mm<\/strong><\/p>\n<\/li>\n<li data-start=\"1056\" data-end=\"1073\">\n<p data-start=\"1058\" data-end=\"1073\"><strong data-start=\"1058\" data-end=\"1073\">70 \u00d7 120 mm<\/strong><\/p>\n<\/li>\n<\/ul>\n<h3 data-start=\"1075\" data-end=\"1090\">\u2705 Features:<\/h3>\n<ul data-start=\"1091\" data-end=\"1311\">\n<li data-start=\"1091\" data-end=\"1126\">\n<p data-start=\"1093\" data-end=\"1126\">2-jaw design for stable pulling<\/p>\n<\/li>\n<li data-start=\"1127\" data-end=\"1160\">\n<p data-start=\"1129\" data-end=\"1160\">Heavy-duty metal construction<\/p>\n<\/li>\n<li data-start=\"1161\" data-end=\"1214\">\n<p data-start=\"1163\" data-end=\"1214\">Precision pressure screw for controlled operation<\/p>\n<\/li>\n<li data-start=\"1215\" data-end=\"1260\">\n<p data-start=\"1217\" data-end=\"1260\">Suitable for bearings, gears, and pulleys<\/p>\n<\/li>\n<li data-start=\"1261\" data-end=\"1311\">\n<p data-start=\"1263\" data-end=\"1311\">Ideal for workshops and automotive maintenance<\/p>\n<\/li>\n<\/ul>\n","protected":false},"excerpt":{"rendered":"<p>2-jaw bearing puller designed for safe and efficient removal of bearings, gears, and pulleys.Made of heavy-duty metal for industrial use and available in three different sizes to suit various applications. \ud83d\udccf Available Sizes: 38 \u00d7 65 mm 40 \u00d7 80 mm 70 \u00d7 120 mm \u2705 Features: 2-jaw design for stable pulling Heavy-duty metal construction&#8230;<\/p>\n","protected":false},"featured_media":4290,"template":"","meta":{"inline_featured_image":false,"_kadence_starter_templates_imported_post":false,"_kad_post_transparent":"default","_kad_post_title":"","_kad_post_layout":"default","_kad_post_sidebar_id":"","_kad_post_content_style":"default","_kad_post_vertical_padding":"default","_kad_post_feature":"","_kad_post_feature_position":"","_kad_post_header":false,"_kad_post_footer":false},"product_brand":[],"product_cat":[22,52,47],"product_tag":[150,224],"class_list":{"0":"post-4289","1":"product","2":"type-product","3":"status-publish","4":"has-post-thumbnail","6":"product_cat-mechanical-tools","7":"product_cat-mechanical-workshop","8":"product_cat-workshop-supplies","9":"product_tag-engine-maintenance","10":"product_tag-special","12":"first","13":"instock","14":"shipping-taxable","15":"purchasable","16":"product-type-variable","17":"entry","18":"content-bg","19":"loop-entry"},"yoast_head":"<!-- This site is optimized with the Yoast SEO plugin v27.4 - https:\/\/yoast.com\/product\/yoast-seo-wordpress\/ -->\n<title>2-Jaw Bearing Puller \u2013 Multiple Sizes - HAM<\/title>\n<meta name=\"description\" content=\"2-jaw bearing puller available in three sizes, ideal for bearing and gear removal in workshops and industrial use.\" \/>\n<meta name=\"robots\" content=\"index, follow, max-snippet:-1, max-image-preview:large, max-video-preview:-1\" \/>\n<link rel=\"canonical\" href=\"https:\/\/ham-tool.com\/en\/shop\/workshop-supplies\/mechanical-workshop\/2-jaw-bearing-puller-multiple-sizes\/\" \/>\n<meta property=\"og:locale\" content=\"en_US\" \/>\n<meta property=\"og:type\" content=\"article\" \/>\n<meta property=\"og:title\" content=\"2-Jaw Bearing Puller \u2013 Multiple Sizes - HAM\" \/>\n<meta property=\"og:description\" content=\"2-jaw bearing puller available in three sizes, ideal for bearing and gear removal in workshops and industrial use.\" \/>\n<meta property=\"og:url\" content=\"https:\/\/ham-tool.com\/en\/shop\/workshop-supplies\/mechanical-workshop\/2-jaw-bearing-puller-multiple-sizes\/\" \/>\n<meta property=\"og:site_name\" content=\"HAM\" \/>\n<meta property=\"article:modified_time\" content=\"2026-04-17T18:10:30+00:00\" \/>\n<meta property=\"og:image\" content=\"https:\/\/ham-tool.com\/wp-content\/uploads\/2026\/02\/\u0632\u0631\u062c\u064a\u0646\u0647-2-\u0631\u062c\u0644-\u0645\u0642\u0627\u0633\u0627\u062a-\u0645\u062e\u062a\u0644\u0641\u0647.jpg\" \/>\n\t<meta property=\"og:image:width\" content=\"1080\" \/>\n\t<meta property=\"og:image:height\" content=\"1080\" \/>\n\t<meta property=\"og:image:type\" content=\"image\/jpeg\" \/>\n<meta name=\"twitter:card\" content=\"summary_large_image\" \/>\n<meta name=\"twitter:label1\" content=\"Est. reading time\" \/>\n\t<meta name=\"twitter:data1\" content=\"1 minute\" \/>\n<script type=\"application\/ld+json\" class=\"yoast-schema-graph\">{\"@context\":\"https:\\\/\\\/schema.org\",\"@graph\":[{\"@type\":\"WebPage\",\"@id\":\"https:\\\/\\\/ham-tool.com\\\/en\\\/shop\\\/workshop-supplies\\\/mechanical-workshop\\\/2-jaw-bearing-puller-multiple-sizes\\\/\",\"url\":\"https:\\\/\\\/ham-tool.com\\\/en\\\/shop\\\/workshop-supplies\\\/mechanical-workshop\\\/2-jaw-bearing-puller-multiple-sizes\\\/\",\"name\":\"2-Jaw Bearing Puller \u2013 Multiple Sizes - HAM\",\"isPartOf\":{\"@id\":\"https:\\\/\\\/ham-tool.com\\\/#website\"},\"primaryImageOfPage\":{\"@id\":\"https:\\\/\\\/ham-tool.com\\\/en\\\/shop\\\/workshop-supplies\\\/mechanical-workshop\\\/2-jaw-bearing-puller-multiple-sizes\\\/#primaryimage\"},\"image\":{\"@id\":\"https:\\\/\\\/ham-tool.com\\\/en\\\/shop\\\/workshop-supplies\\\/mechanical-workshop\\\/2-jaw-bearing-puller-multiple-sizes\\\/#primaryimage\"},\"thumbnailUrl\":\"https:\\\/\\\/ham-tool.com\\\/wp-content\\\/uploads\\\/2026\\\/02\\\/\u0632\u0631\u062c\u064a\u0646\u0647-2-\u0631\u062c\u0644-\u0645\u0642\u0627\u0633\u0627\u062a-\u0645\u062e\u062a\u0644\u0641\u0647.jpg\",\"datePublished\":\"2026-02-03T12:59:21+00:00\",\"dateModified\":\"2026-04-17T18:10:30+00:00\",\"description\":\"2-jaw bearing puller available in three sizes, ideal for bearing and gear removal in workshops and industrial use.\",\"breadcrumb\":{\"@id\":\"https:\\\/\\\/ham-tool.com\\\/en\\\/shop\\\/workshop-supplies\\\/mechanical-workshop\\\/2-jaw-bearing-puller-multiple-sizes\\\/#breadcrumb\"},\"inLanguage\":\"en-US\",\"potentialAction\":[{\"@type\":\"ReadAction\",\"target\":[\"https:\\\/\\\/ham-tool.com\\\/en\\\/shop\\\/workshop-supplies\\\/mechanical-workshop\\\/2-jaw-bearing-puller-multiple-sizes\\\/\"]}]},{\"@type\":\"ImageObject\",\"inLanguage\":\"en-US\",\"@id\":\"https:\\\/\\\/ham-tool.com\\\/en\\\/shop\\\/workshop-supplies\\\/mechanical-workshop\\\/2-jaw-bearing-puller-multiple-sizes\\\/#primaryimage\",\"url\":\"https:\\\/\\\/ham-tool.com\\\/wp-content\\\/uploads\\\/2026\\\/02\\\/\u0632\u0631\u062c\u064a\u0646\u0647-2-\u0631\u062c\u0644-\u0645\u0642\u0627\u0633\u0627\u062a-\u0645\u062e\u062a\u0644\u0641\u0647.jpg\",\"contentUrl\":\"https:\\\/\\\/ham-tool.com\\\/wp-content\\\/uploads\\\/2026\\\/02\\\/\u0632\u0631\u062c\u064a\u0646\u0647-2-\u0631\u062c\u0644-\u0645\u0642\u0627\u0633\u0627\u062a-\u0645\u062e\u062a\u0644\u0641\u0647.jpg\",\"width\":1080,\"height\":1080},{\"@type\":\"BreadcrumbList\",\"@id\":\"https:\\\/\\\/ham-tool.com\\\/en\\\/shop\\\/workshop-supplies\\\/mechanical-workshop\\\/2-jaw-bearing-puller-multiple-sizes\\\/#breadcrumb\",\"itemListElement\":[{\"@type\":\"ListItem\",\"position\":1,\"name\":\"Home\",\"item\":\"https:\\\/\\\/ham-tool.com\\\/\"},{\"@type\":\"ListItem\",\"position\":2,\"name\":\"Shop\",\"item\":\"https:\\\/\\\/ham-tool.com\\\/shop\\\/\"},{\"@type\":\"ListItem\",\"position\":3,\"name\":\"2-Jaw Bearing Puller \u2013 Multiple Sizes\"}]},{\"@type\":\"WebSite\",\"@id\":\"https:\\\/\\\/ham-tool.com\\\/#website\",\"url\":\"https:\\\/\\\/ham-tool.com\\\/\",\"name\":\"HAM\",\"description\":\"\",\"publisher\":{\"@id\":\"https:\\\/\\\/ham-tool.com\\\/#organization\"},\"potentialAction\":[{\"@type\":\"SearchAction\",\"target\":{\"@type\":\"EntryPoint\",\"urlTemplate\":\"https:\\\/\\\/ham-tool.com\\\/?s={search_term_string}\"},\"query-input\":{\"@type\":\"PropertyValueSpecification\",\"valueRequired\":true,\"valueName\":\"search_term_string\"}}],\"inLanguage\":\"en-US\"},{\"@type\":\"Organization\",\"@id\":\"https:\\\/\\\/ham-tool.com\\\/#organization\",\"name\":\"HAM\",\"url\":\"https:\\\/\\\/ham-tool.com\\\/\",\"logo\":{\"@type\":\"ImageObject\",\"inLanguage\":\"en-US\",\"@id\":\"https:\\\/\\\/ham-tool.com\\\/#\\\/schema\\\/logo\\\/image\\\/\",\"url\":\"https:\\\/\\\/ham-tool.com\\\/wp-content\\\/uploads\\\/2024\\\/10\\\/file.png\",\"contentUrl\":\"https:\\\/\\\/ham-tool.com\\\/wp-content\\\/uploads\\\/2024\\\/10\\\/file.png\",\"width\":512,\"height\":512,\"caption\":\"HAM\"},\"image\":{\"@id\":\"https:\\\/\\\/ham-tool.com\\\/#\\\/schema\\\/logo\\\/image\\\/\"}}]}<\/script>\n<!-- \/ Yoast SEO plugin. -->","yoast_head_json":{"title":"2-Jaw Bearing Puller \u2013 Multiple Sizes - HAM","description":"2-jaw bearing puller available in three sizes, ideal for bearing and gear removal in workshops and industrial use.","robots":{"index":"index","follow":"follow","max-snippet":"max-snippet:-1","max-image-preview":"max-image-preview:large","max-video-preview":"max-video-preview:-1"},"canonical":"https:\/\/ham-tool.com\/en\/shop\/workshop-supplies\/mechanical-workshop\/2-jaw-bearing-puller-multiple-sizes\/","og_locale":"en_US","og_type":"article","og_title":"2-Jaw Bearing Puller \u2013 Multiple Sizes - HAM","og_description":"2-jaw bearing puller available in three sizes, ideal for bearing and gear removal in workshops and industrial use.","og_url":"https:\/\/ham-tool.com\/en\/shop\/workshop-supplies\/mechanical-workshop\/2-jaw-bearing-puller-multiple-sizes\/","og_site_name":"HAM","article_modified_time":"2026-04-17T18:10:30+00:00","og_image":[{"width":1080,"height":1080,"url":"https:\/\/ham-tool.com\/wp-content\/uploads\/2026\/02\/\u0632\u0631\u062c\u064a\u0646\u0647-2-\u0631\u062c\u0644-\u0645\u0642\u0627\u0633\u0627\u062a-\u0645\u062e\u062a\u0644\u0641\u0647.jpg","type":"image\/jpeg"}],"twitter_card":"summary_large_image","twitter_misc":{"Est. reading time":"1 minute"},"schema":{"@context":"https:\/\/schema.org","@graph":[{"@type":"WebPage","@id":"https:\/\/ham-tool.com\/en\/shop\/workshop-supplies\/mechanical-workshop\/2-jaw-bearing-puller-multiple-sizes\/","url":"https:\/\/ham-tool.com\/en\/shop\/workshop-supplies\/mechanical-workshop\/2-jaw-bearing-puller-multiple-sizes\/","name":"2-Jaw Bearing Puller \u2013 Multiple Sizes - HAM","isPartOf":{"@id":"https:\/\/ham-tool.com\/#website"},"primaryImageOfPage":{"@id":"https:\/\/ham-tool.com\/en\/shop\/workshop-supplies\/mechanical-workshop\/2-jaw-bearing-puller-multiple-sizes\/#primaryimage"},"image":{"@id":"https:\/\/ham-tool.com\/en\/shop\/workshop-supplies\/mechanical-workshop\/2-jaw-bearing-puller-multiple-sizes\/#primaryimage"},"thumbnailUrl":"https:\/\/ham-tool.com\/wp-content\/uploads\/2026\/02\/\u0632\u0631\u062c\u064a\u0646\u0647-2-\u0631\u062c\u0644-\u0645\u0642\u0627\u0633\u0627\u062a-\u0645\u062e\u062a\u0644\u0641\u0647.jpg","datePublished":"2026-02-03T12:59:21+00:00","dateModified":"2026-04-17T18:10:30+00:00","description":"2-jaw bearing puller available in three sizes, ideal for bearing and gear removal in workshops and industrial use.","breadcrumb":{"@id":"https:\/\/ham-tool.com\/en\/shop\/workshop-supplies\/mechanical-workshop\/2-jaw-bearing-puller-multiple-sizes\/#breadcrumb"},"inLanguage":"en-US","potentialAction":[{"@type":"ReadAction","target":["https:\/\/ham-tool.com\/en\/shop\/workshop-supplies\/mechanical-workshop\/2-jaw-bearing-puller-multiple-sizes\/"]}]},{"@type":"ImageObject","inLanguage":"en-US","@id":"https:\/\/ham-tool.com\/en\/shop\/workshop-supplies\/mechanical-workshop\/2-jaw-bearing-puller-multiple-sizes\/#primaryimage","url":"https:\/\/ham-tool.com\/wp-content\/uploads\/2026\/02\/\u0632\u0631\u062c\u064a\u0646\u0647-2-\u0631\u062c\u0644-\u0645\u0642\u0627\u0633\u0627\u062a-\u0645\u062e\u062a\u0644\u0641\u0647.jpg","contentUrl":"https:\/\/ham-tool.com\/wp-content\/uploads\/2026\/02\/\u0632\u0631\u062c\u064a\u0646\u0647-2-\u0631\u062c\u0644-\u0645\u0642\u0627\u0633\u0627\u062a-\u0645\u062e\u062a\u0644\u0641\u0647.jpg","width":1080,"height":1080},{"@type":"BreadcrumbList","@id":"https:\/\/ham-tool.com\/en\/shop\/workshop-supplies\/mechanical-workshop\/2-jaw-bearing-puller-multiple-sizes\/#breadcrumb","itemListElement":[{"@type":"ListItem","position":1,"name":"Home","item":"https:\/\/ham-tool.com\/"},{"@type":"ListItem","position":2,"name":"Shop","item":"https:\/\/ham-tool.com\/shop\/"},{"@type":"ListItem","position":3,"name":"2-Jaw Bearing Puller \u2013 Multiple Sizes"}]},{"@type":"WebSite","@id":"https:\/\/ham-tool.com\/#website","url":"https:\/\/ham-tool.com\/","name":"HAM","description":"","publisher":{"@id":"https:\/\/ham-tool.com\/#organization"},"potentialAction":[{"@type":"SearchAction","target":{"@type":"EntryPoint","urlTemplate":"https:\/\/ham-tool.com\/?s={search_term_string}"},"query-input":{"@type":"PropertyValueSpecification","valueRequired":true,"valueName":"search_term_string"}}],"inLanguage":"en-US"},{"@type":"Organization","@id":"https:\/\/ham-tool.com\/#organization","name":"HAM","url":"https:\/\/ham-tool.com\/","logo":{"@type":"ImageObject","inLanguage":"en-US","@id":"https:\/\/ham-tool.com\/#\/schema\/logo\/image\/","url":"https:\/\/ham-tool.com\/wp-content\/uploads\/2024\/10\/file.png","contentUrl":"https:\/\/ham-tool.com\/wp-content\/uploads\/2024\/10\/file.png","width":512,"height":512,"caption":"HAM"},"image":{"@id":"https:\/\/ham-tool.com\/#\/schema\/logo\/image\/"}}]}},"jetpack_sharing_enabled":true,"_links":{"self":[{"href":"https:\/\/ham-tool.com\/en\/wp-json\/wp\/v2\/product\/4289","targetHints":{"allow":["GET"]}}],"collection":[{"href":"https:\/\/ham-tool.com\/en\/wp-json\/wp\/v2\/product"}],"about":[{"href":"https:\/\/ham-tool.com\/en\/wp-json\/wp\/v2\/types\/product"}],"wp:featuredmedia":[{"embeddable":true,"href":"https:\/\/ham-tool.com\/en\/wp-json\/wp\/v2\/media\/4290"}],"wp:attachment":[{"href":"https:\/\/ham-tool.com\/en\/wp-json\/wp\/v2\/media?parent=4289"}],"wp:term":[{"taxonomy":"product_brand","embeddable":true,"href":"https:\/\/ham-tool.com\/en\/wp-json\/wp\/v2\/product_brand?post=4289"},{"taxonomy":"product_cat","embeddable":true,"href":"https:\/\/ham-tool.com\/en\/wp-json\/wp\/v2\/product_cat?post=4289"},{"taxonomy":"product_tag","embeddable":true,"href":"https:\/\/ham-tool.com\/en\/wp-json\/wp\/v2\/product_tag?post=4289"}],"curies":[{"name":"wp","href":"https:\/\/api.w.org\/{rel}","templated":true}]}}